{"id":55,"date":"2024-01-04T12:39:28","date_gmt":"2024-01-04T11:39:28","guid":{"rendered":"https:\/\/au-cerf.com\/?page_id=55"},"modified":"2026-03-09T16:15:42","modified_gmt":"2026-03-09T15:15:42","slug":"actualites","status":"publish","type":"page","link":"https:\/\/au-cerf.com\/de\/actualites\/","title":{"rendered":"Nachrichten"},"content":{"rendered":"\t\t<div data-elementor-type=\"wp-page\" data-elementor-id=\"55\" class=\"elementor elementor-55\" data-elementor-post-type=\"page\">\n\t\t\t\t<div class=\"elementor-element elementor-element-7ec62db6 e-flex e-con-boxed e-con e-parent\" data-id=\"7ec62db6\" data-element_type=\"container\" data-e-type=\"container\" data-settings=\"{&quot;background_background&quot;:&quot;classic&quot;}\">\n\t\t\t\t\t<div class=\"e-con-inner\">\n\t\t\t\t<div class=\"elementor-element elementor-element-53f13b10 elementor-widget elementor-widget-heading\" data-id=\"53f13b10\" data-element_type=\"widget\" data-e-type=\"widget\" data-widget_type=\"heading.default\">\n\t\t\t\t<div class=\"elementor-widget-container\">\n\t\t\t\t\t<h2 class=\"elementor-heading-title elementor-size-default\">Actualit\u00e9s<\/h2>\t\t\t\t<\/div>\n\t\t\t\t<\/div>\n\t\t\t\t<div class=\"elementor-element elementor-element-6cf36812 elementor-widget__width-initial elementor-widget elementor-widget-text-editor\" data-id=\"6cf36812\" data-element_type=\"widget\" data-e-type=\"widget\" data-widget_type=\"text-editor.default\">\n\t\t\t\t<div class=\"elementor-widget-container\">\n\t\t\t\t\t\t\t\t\tPromotions sp\u00e9ciales, menus saisonniers ou c\u00e9l\u00e9brations \u00e0 venir, vous trouverez ici toutes les informations r\u00e9centes. Revenez r\u00e9guli\u00e8rement pour ne rien manquer !\t\t\t\t\t\t\t\t<\/div>\n\t\t\t\t<\/div>\n\t\t\t\t\t<\/div>\n\t\t\t\t<\/div>\n\t\t<div class=\"elementor-element elementor-element-5e80530 e-flex e-con-boxed e-con e-parent\" data-id=\"5e80530\" data-element_type=\"container\" data-e-type=\"container\">\n\t\t\t\t\t<div class=\"e-con-inner\">\n\t\t<div class=\"elementor-element elementor-element-fad764d e-con-full e-flex elementor-invisible e-con e-child\" data-id=\"fad764d\" data-element_type=\"container\" data-e-type=\"container\" data-settings=\"{&quot;animation&quot;:&quot;fadeInLeft&quot;}\">\n\t\t\t\t<div class=\"elementor-element elementor-element-20456552 elementor-widget elementor-widget-image\" data-id=\"20456552\" data-element_type=\"widget\" data-e-type=\"widget\" data-widget_type=\"image.default\">\n\t\t\t\t<div class=\"elementor-widget-container\">\n\t\t\t\t\t\t\t\t\t\t\t\t\t\t\t<img fetchpriority=\"high\" decoding=\"async\" width=\"800\" height=\"409\" src=\"https:\/\/au-cerf.com\/wp-content\/uploads\/bois-vert.webp\" class=\"attachment-large size-large wp-image-98\" alt=\"Bois vert\" srcset=\"https:\/\/au-cerf.com\/wp-content\/uploads\/bois-vert.webp 900w, https:\/\/au-cerf.com\/wp-content\/uploads\/bois-vert-768x393.webp 768w\" sizes=\"(max-width: 800px) 100vw, 800px\" \/>\t\t\t\t\t\t\t\t\t\t\t\t\t\t\t<\/div>\n\t\t\t\t<\/div>\n\t\t\t\t<div class=\"elementor-element elementor-element-70d71c7 elementor-widget elementor-widget-text-editor\" data-id=\"70d71c7\" data-element_type=\"widget\" data-e-type=\"widget\" data-widget_type=\"text-editor.default\">\n\t\t\t\t<div class=\"elementor-widget-container\">\n\t\t\t\t\t\t\t\t\t<p>Derni\u00e8res actualit\u00e9s<\/p>\t\t\t\t\t\t\t\t<\/div>\n\t\t\t\t<\/div>\n\t\t\t\t<div class=\"elementor-element elementor-element-30f7872 elementor-widget elementor-widget-image\" data-id=\"30f7872\" data-element_type=\"widget\" data-e-type=\"widget\" data-widget_type=\"image.default\">\n\t\t\t\t<div class=\"elementor-widget-container\">\n\t\t\t\t\t\t\t\t\t\t\t\t\t\t\t\t<a href=\"https:\/\/www.lefigaro.fr\/lifestyle\/au-cerf-un-esprit-de-famille-de-la-cuisine-a-la-salle-20251010\">\n\t\t\t\t\t\t\t<img decoding=\"async\" width=\"704\" height=\"396\" src=\"https:\/\/au-cerf.com\/wp-content\/uploads\/4a56846aae778cc6d620dc801a26e9bbcba7157d7de469e1019246d45f6c71c3.webp\" class=\"attachment-large size-large wp-image-886\" alt=\"4a56846aae778cc6d620dc801a26e9bbcba7157d7de469e1019246d45f6c71c3\" srcset=\"https:\/\/au-cerf.com\/wp-content\/uploads\/4a56846aae778cc6d620dc801a26e9bbcba7157d7de469e1019246d45f6c71c3.webp 704w, https:\/\/au-cerf.com\/wp-content\/uploads\/4a56846aae778cc6d620dc801a26e9bbcba7157d7de469e1019246d45f6c71c3-18x10.webp 18w\" sizes=\"(max-width: 704px) 100vw, 704px\" \/>\t\t\t\t\t\t\t\t<\/a>\n\t\t\t\t\t\t\t\t\t\t\t\t\t\t\t<\/div>\n\t\t\t\t<\/div>\n\t\t\t\t<div class=\"elementor-element elementor-element-85a4d76 elementor-widget elementor-widget-heading\" data-id=\"85a4d76\" data-element_type=\"widget\" data-e-type=\"widget\" data-widget_type=\"heading.default\">\n\t\t\t\t<div class=\"elementor-widget-container\">\n\t\t\t\t\t<h2 class=\"elementor-heading-title elementor-size-default\"><a href=\"https:\/\/www.lefigaro.fr\/lifestyle\/au-cerf-un-esprit-de-famille-de-la-cuisine-a-la-salle-20251010\">Au Cerf : un esprit de famille, de la cuisine \u00e0 la salle !\n<\/a><\/h2>\t\t\t\t<\/div>\n\t\t\t\t<\/div>\n\t\t\t\t<div class=\"elementor-element elementor-element-8408092 elementor-widget elementor-widget-heading\" data-id=\"8408092\" data-element_type=\"widget\" data-e-type=\"widget\" data-widget_type=\"heading.default\">\n\t\t\t\t<div class=\"elementor-widget-container\">\n\t\t\t\t\t<h2 class=\"elementor-heading-title elementor-size-default\"><a href=\"https:\/\/www.lefigaro.fr\/lifestyle\/au-cerf-un-esprit-de-famille-de-la-cuisine-a-la-salle-20251010\">Par L\u2019\u00e9quipe du Figaro Services\nLe 10 octobre 2025 \u00e0 09h00<\/a><\/h2>\t\t\t\t<\/div>\n\t\t\t\t<\/div>\n\t\t\t\t<div class=\"elementor-element elementor-element-06bf83d elementor-widget elementor-widget-heading\" data-id=\"06bf83d\" data-element_type=\"widget\" data-e-type=\"widget\" data-widget_type=\"heading.default\">\n\t\t\t\t<div class=\"elementor-widget-container\">\n\t\t\t\t\t<h2 class=\"elementor-heading-title elementor-size-default\"><a href=\"https:\/\/www.lefigaro.fr\/lifestyle\/au-cerf-un-esprit-de-famille-de-la-cuisine-a-la-salle-20251010\">Cliquez ici pour Lire l'article complet <\/a><\/h2>\t\t\t\t<\/div>\n\t\t\t\t<\/div>\n\t\t\t\t<div class=\"elementor-element elementor-element-caaf99d elementor-hidden-desktop elementor-hidden-tablet elementor-hidden-mobile elementor-widget elementor-widget-jet-listing-grid\" data-id=\"caaf99d\" data-element_type=\"widget\" data-e-type=\"widget\" data-settings=\"{&quot;columns&quot;:&quot;1&quot;}\" data-widget_type=\"jet-listing-grid.default\">\n\t\t\t\t<div class=\"elementor-widget-container\">\n\t\t\t\t\t<div class=\"jet-listing-grid jet-listing\"><div class=\"jet-listing-not-found jet-listing-grid__items\" data-nav=\"{&quot;enabled&quot;:false,&quot;type&quot;:null,&quot;more_el&quot;:null,&quot;query&quot;:[],&quot;widget_settings&quot;:{&quot;lisitng_id&quot;:351,&quot;posts_num&quot;:20,&quot;columns&quot;:1,&quot;columns_tablet&quot;:1,&quot;columns_mobile&quot;:1,&quot;column_min_width&quot;:240,&quot;column_min_width_tablet&quot;:240,&quot;column_min_width_mobile&quot;:240,&quot;inline_columns_css&quot;:false,&quot;is_archive_template&quot;:&quot;&quot;,&quot;post_status&quot;:[&quot;publish&quot;],&quot;use_random_posts_num&quot;:&quot;&quot;,&quot;max_posts_num&quot;:9,&quot;not_found_message&quot;:&quot;No data was found&quot;,&quot;is_masonry&quot;:false,&quot;equal_columns_height&quot;:&quot;&quot;,&quot;use_load_more&quot;:&quot;&quot;,&quot;load_more_id&quot;:&quot;&quot;,&quot;load_more_type&quot;:&quot;click&quot;,&quot;load_more_offset&quot;:null,&quot;use_custom_post_types&quot;:&quot;&quot;,&quot;custom_post_types&quot;:[],&quot;hide_widget_if&quot;:&quot;&quot;,&quot;carousel_enabled&quot;:&quot;&quot;,&quot;slides_to_scroll&quot;:&quot;1&quot;,&quot;arrows&quot;:&quot;true&quot;,&quot;arrow_icon&quot;:&quot;fa fa-angle-left&quot;,&quot;dots&quot;:&quot;&quot;,&quot;autoplay&quot;:&quot;true&quot;,&quot;pause_on_hover&quot;:&quot;true&quot;,&quot;autoplay_speed&quot;:5000,&quot;infinite&quot;:&quot;true&quot;,&quot;center_mode&quot;:&quot;&quot;,&quot;effect&quot;:&quot;slide&quot;,&quot;speed&quot;:500,&quot;inject_alternative_items&quot;:&quot;&quot;,&quot;injection_items&quot;:[],&quot;scroll_slider_enabled&quot;:&quot;&quot;,&quot;scroll_slider_on&quot;:[&quot;desktop&quot;,&quot;tablet&quot;,&quot;mobile&quot;],&quot;custom_query&quot;:false,&quot;custom_query_id&quot;:&quot;&quot;,&quot;_element_id&quot;:&quot;&quot;,&quot;collapse_first_last_gap&quot;:false,&quot;list_tag_selection&quot;:&quot;&quot;,&quot;list_items_wrapper_tag&quot;:&quot;div&quot;,&quot;list_item_tag&quot;:&quot;div&quot;,&quot;empty_items_wrapper_tag&quot;:&quot;div&quot;}}\" data-listing-source=\"posts\" data-listing-id=\"351\" data-query-id=\"\" data-queried-id=\"55|WP_Post\"><\/div><\/div>\t\t\t\t<\/div>\n\t\t\t\t<\/div>\n\t\t\t\t<div class=\"elementor-element elementor-element-82cfe80 elementor-widget elementor-widget-image\" data-id=\"82cfe80\" data-element_type=\"widget\" data-e-type=\"widget\" data-widget_type=\"image.default\">\n\t\t\t\t<div class=\"elementor-widget-container\">\n\t\t\t\t\t\t\t\t\t\t\t\t\t\t\t\t<a href=\"https:\/\/fr.gaultmillau.com\/fr\/restaurants\/au-cerf\">\n\t\t\t\t\t\t\t<img decoding=\"async\" width=\"800\" height=\"508\" src=\"https:\/\/au-cerf.com\/wp-content\/uploads\/Air-Restaurant-Au-Cerf-\u2013-cuisine-francaise-GaultMillau-Google-Chrome-1024x650.jpg\" class=\"attachment-large size-large wp-image-890\" alt=\"Air Restaurant Au Cerf \u2013 Cuisine Franc\u0327aise Gault&amp;millau Google Chrome\" srcset=\"https:\/\/au-cerf.com\/wp-content\/uploads\/Air-Restaurant-Au-Cerf-\u2013-cuisine-francaise-GaultMillau-Google-Chrome-1024x650.jpg 1024w, https:\/\/au-cerf.com\/wp-content\/uploads\/Air-Restaurant-Au-Cerf-\u2013-cuisine-francaise-GaultMillau-Google-Chrome-768x487.jpg 768w, https:\/\/au-cerf.com\/wp-content\/uploads\/Air-Restaurant-Au-Cerf-\u2013-cuisine-francaise-GaultMillau-Google-Chrome-1536x975.jpg 1536w, https:\/\/au-cerf.com\/wp-content\/uploads\/Air-Restaurant-Au-Cerf-\u2013-cuisine-francaise-GaultMillau-Google-Chrome-18x12.jpg 18w, https:\/\/au-cerf.com\/wp-content\/uploads\/Air-Restaurant-Au-Cerf-\u2013-cuisine-francaise-GaultMillau-Google-Chrome.jpg 1982w\" sizes=\"(max-width: 800px) 100vw, 800px\" \/>\t\t\t\t\t\t\t\t<\/a>\n\t\t\t\t\t\t\t\t\t\t\t\t\t\t\t<\/div>\n\t\t\t\t<\/div>\n\t\t\t\t<div class=\"elementor-element elementor-element-fed2350 elementor-widget elementor-widget-heading\" data-id=\"fed2350\" data-element_type=\"widget\" data-e-type=\"widget\" data-widget_type=\"heading.default\">\n\t\t\t\t<div class=\"elementor-widget-container\">\n\t\t\t\t\t<h2 class=\"elementor-heading-title elementor-size-default\"><a href=\"https:\/\/fr.gaultmillau.com\/fr\/restaurants\/au-cerf\">Gault&amp;Millau<\/a><\/h2>\t\t\t\t<\/div>\n\t\t\t\t<\/div>\n\t\t\t\t<div class=\"elementor-element elementor-element-20ab4c0 elementor-widget elementor-widget-heading\" data-id=\"20ab4c0\" data-element_type=\"widget\" data-e-type=\"widget\" data-widget_type=\"heading.default\">\n\t\t\t\t<div class=\"elementor-widget-container\">\n\t\t\t\t\t<h2 class=\"elementor-heading-title elementor-size-default\"><a href=\"https:\/\/fr.gaultmillau.com\/fr\/restaurants\/au-cerf\">Cliquez ici pour Lire l'article complet <\/a><\/h2>\t\t\t\t<\/div>\n\t\t\t\t<\/div>\n\t\t\t\t<\/div>\n\t\t<div class=\"elementor-element elementor-element-81055e5 e-flex e-con-boxed elementor-invisible e-con e-child\" data-id=\"81055e5\" data-element_type=\"container\" data-e-type=\"container\" data-settings=\"{&quot;animation&quot;:&quot;fadeInRight&quot;}\">\n\t\t\t\t\t<div class=\"e-con-inner\">\n\t\t<div class=\"elementor-element elementor-element-c01c1d2 e-flex e-con-boxed e-con e-child\" data-id=\"c01c1d2\" data-element_type=\"container\" data-e-type=\"container\">\n\t\t\t\t\t<div class=\"e-con-inner\">\n\t\t\t\t<div class=\"elementor-element elementor-element-680b79f elementor-widget elementor-widget-image\" data-id=\"680b79f\" data-element_type=\"widget\" data-e-type=\"widget\" data-widget_type=\"image.default\">\n\t\t\t\t<div class=\"elementor-widget-container\">\n\t\t\t\t\t\t\t\t\t\t\t\t\t\t\t<img loading=\"lazy\" decoding=\"async\" width=\"211\" height=\"222\" src=\"https:\/\/au-cerf.com\/wp-content\/uploads\/navet.png\" class=\"attachment-large size-large wp-image-337\" alt=\"Navet\" \/>\t\t\t\t\t\t\t\t\t\t\t\t\t\t\t<\/div>\n\t\t\t\t<\/div>\n\t\t\t\t<div class=\"elementor-element elementor-element-fe91da5 elementor-widget elementor-widget-image\" data-id=\"fe91da5\" data-element_type=\"widget\" data-e-type=\"widget\" data-widget_type=\"image.default\">\n\t\t\t\t<div class=\"elementor-widget-container\">\n\t\t\t\t\t\t\t\t\t\t\t\t\t\t\t\t<a href=\"https:\/\/www.facebook.com\/aucerf\" target=\"_blank\">\n\t\t\t\t\t\t\t<img loading=\"lazy\" decoding=\"async\" width=\"800\" height=\"206\" src=\"https:\/\/au-cerf.com\/wp-content\/uploads\/fb.png\" class=\"elementor-animation-shrink attachment-large size-large wp-image-338\" alt=\"Fb\" srcset=\"https:\/\/au-cerf.com\/wp-content\/uploads\/fb.png 932w, https:\/\/au-cerf.com\/wp-content\/uploads\/fb-768x198.png 768w\" sizes=\"(max-width: 800px) 100vw, 800px\" \/>\t\t\t\t\t\t\t\t<\/a>\n\t\t\t\t\t\t\t\t\t\t\t\t\t\t\t<\/div>\n\t\t\t\t<\/div>\n\t\t\t\t\t<\/div>\n\t\t\t\t<\/div>\n\t\t\t\t<div class=\"elementor-element elementor-element-120f811 elementor-hidden-tablet elementor-hidden-mobile elementor-widget elementor-widget-html\" data-id=\"120f811\" data-element_type=\"widget\" data-e-type=\"widget\" data-widget_type=\"html.default\">\n\t\t\t\t<div class=\"elementor-widget-container\">\n\t\t\t\t\t<div id=\"fb-root\"><\/div>\n<script async defer crossorigin=\"anonymous\" src=\"https:\/\/connect.facebook.net\/fr_FR\/sdk.js#xfbml=1&version=v18.0\" nonce=\"auy6Wtu5\"><\/script>\n\n<div class=\"fb-page\" data-href=\"https:\/\/www.facebook.com\/aucerf\" data-tabs=\"timeline\" data-width=\"500\" data-height=\"800\" data-small-header=\"false\" data-adapt-container-width=\"true\" data-hide-cover=\"false\" data-show-facepile=\"false\"><blockquote cite=\"https:\/\/www.facebook.com\/aucerf\" class=\"fb-xfbml-parse-ignore\"><a href=\"https:\/\/www.facebook.com\/aucerf\">Restaurant &quot;Au Cerf&quot; Roeschwoog<\/a><\/blockquote><\/div>\t\t\t\t<\/div>\n\t\t\t\t<\/div>\n\t\t\t\t\t<\/div>\n\t\t\t\t<\/div>\n\t\t\t\t\t<\/div>\n\t\t\t\t<\/div>\n\t\t<div class=\"elementor-element elementor-element-04a3fbc e-flex e-con-boxed e-con e-parent\" data-id=\"04a3fbc\" data-element_type=\"container\" data-e-type=\"container\">\n\t\t\t\t\t<div class=\"e-con-inner\">\n\t\t\t\t\t<\/div>\n\t\t\t\t<\/div>\n\t\t\t\t<\/div>\n\t\t","protected":false},"excerpt":{"rendered":"<p>Derni\u00e8res actualit\u00e9s Au Cerf : un esprit de famille, de la cuisine \u00e0 la salle ! Par L\u2019\u00e9quipe du Figaro Services Le 10 octobre 2025 \u00e0 09h00 Cliquez ici pour Lire l&rsquo;article complet Gault&#038;Millau Cliquez ici pour Lire l&rsquo;article complet Restaurant &quot;Au Cerf&quot; Roeschwoog<\/p>","protected":false},"author":1,"featured_media":0,"parent":0,"menu_order":0,"comment_status":"closed","ping_status":"closed","template":"","meta":{"slim_seo":{"title":"Actualit\u00e9s - Au Cerf","description":"Derni\u00e8res actualit\u00e9s Au Cerf : un esprit de famille, de la cuisine \u00e0 la salle ! Par L\u2019\u00e9quipe du Figaro Services Le 10 octobre 2025 \u00e0 09h00 Cliquez ici pour Lire"},"footnotes":""},"class_list":["post-55","page","type-page","status-publish","hentry"],"_links":{"self":[{"href":"https:\/\/au-cerf.com\/de\/wp-json\/wp\/v2\/pages\/55","targetHints":{"allow":["GET"]}}],"collection":[{"href":"https:\/\/au-cerf.com\/de\/wp-json\/wp\/v2\/pages"}],"about":[{"href":"https:\/\/au-cerf.com\/de\/wp-json\/wp\/v2\/types\/page"}],"author":[{"embeddable":true,"href":"https:\/\/au-cerf.com\/de\/wp-json\/wp\/v2\/users\/1"}],"replies":[{"embeddable":true,"href":"https:\/\/au-cerf.com\/de\/wp-json\/wp\/v2\/comments?post=55"}],"version-history":[{"count":0,"href":"https:\/\/au-cerf.com\/de\/wp-json\/wp\/v2\/pages\/55\/revisions"}],"wp:attachment":[{"href":"https:\/\/au-cerf.com\/de\/wp-json\/wp\/v2\/media?parent=55"}],"curies":[{"name":"wp","href":"https:\/\/api.w.org\/{rel}","templated":true}]}}